{"id":5,"date":"2013-05-22T07:36:52","date_gmt":"2013-05-22T07:36:52","guid":{"rendered":"http:\/\/geneamedoc.wordpress.com\/?page_id=1"},"modified":"2015-03-27T15:17:41","modified_gmt":"2015-03-27T15:17:41","slug":"about","status":"publish","type":"page","link":"https:\/\/geneamedoc.fr\/?page_id=5","title":{"rendered":"A propos"},"content":{"rendered":"<p><a href=\"http:\/\/geneamedoc.fr\/wp-content\/uploads\/2015\/03\/couv.jpg\"><img loading=\"lazy\" decoding=\"async\" class=\"aligncenter size-full wp-image-203\" src=\"http:\/\/geneamedoc.fr\/wp-content\/uploads\/2015\/03\/couv.jpg\" alt=\"1ere de couverture\" width=\"283\" height=\"354\" srcset=\"https:\/\/geneamedoc.fr\/wp-content\/uploads\/2015\/03\/couv.jpg 283w, https:\/\/geneamedoc.fr\/wp-content\/uploads\/2015\/03\/couv-240x300.jpg 240w\" sizes=\"auto, (max-width: 283px) 100vw, 283px\" \/><\/a><\/p>\n<p>A \u00e9t\u00e9 cr\u00e9\u00e9 le 3 octobre 2004 au cours d\u2019une assembl\u00e9e constituante qui s\u2019est d\u00e9roul\u00e9e \u00e0 la Maison de l\u2019 Association Culture et Jeunesse ( ACJ ) de Castelnau de M\u00e9doc.<\/p>\n<p>Le Club G\u00e9n\u00e9aM\u00e9doc a pour but de d\u00e9velopper sur le plan cantonal\u00a0 et d\u00e9partemental, en constante liaison avec les autorit\u00e9s comp\u00e9tentes, les activit\u00e9s li\u00e9es \u00e0 la G\u00e9n\u00e9alogie, l\u2019Histoire de la commune et du canton et , \u00e0 terme, d\u2019aider \u00e0 la num\u00e9risation des archives communales et paroissiales.<\/p>\n<p>Son bureau : G\u00e9n\u00e9aM\u00e9doc\u00a0 Mairie rue du Ch\u00e2teau\u00a0 33480 Castelnau de M\u00e9doc<\/p>\n<p>Le club publie 4 bulletins par an. La cotisation (ann\u00e9e civile) donnant droit aux 4 bulletins est de 20\u20ac pour les adh\u00e9rents, 20\u20ac \u00e9galement pour les personnes adh\u00e9rentes des associations affili\u00e9es \u00e0 l\u2019UGAP (gratuite pour les associations par \u00e9change r\u00e9ciproque) et 30\u20ac pour toute personne ext\u00e9rieure.(Les frais d\u2019envoi sont \u00e0 pr\u00e9voir en sus).<\/p>\n<p>Toute reproduction de cette brochure SANS AUTORISATION PREALABLE du Pr\u00e9sident et du Pr\u00e9sident Fondateur\u00a0 de l\u2019Association GENEAMEDOC sera passible de poursuites.<\/p>\n","protected":false},"excerpt":{"rendered":"<p>A \u00e9t\u00e9 cr\u00e9\u00e9 le 3 octobre 2004 au cours d\u2019une assembl\u00e9e constituante qui s\u2019est d\u00e9roul\u00e9e \u00e0 la Maison de l\u2019 Association Culture et Jeunesse ( ACJ ) de Castelnau de M\u00e9doc. Le Club G\u00e9n\u00e9aM\u00e9doc a pour but de d\u00e9velopper sur &hellip; <a href=\"https:\/\/geneamedoc.fr\/?page_id=5\">Continuer la lecture <span class=\"meta-nav\">&rarr;<\/span><\/a><\/p>\n","protected":false},"author":1,"featured_media":0,"parent":0,"menu_order":0,"comment_status":"open","ping_status":"open","template":"","meta":{"footnotes":""},"class_list":["post-5","page","type-page","status-publish","hentry"],"_links":{"self":[{"href":"https:\/\/geneamedoc.fr\/index.php?rest_route=\/wp\/v2\/pages\/5","targetHints":{"allow":["GET"]}}],"collection":[{"href":"https:\/\/geneamedoc.fr\/index.php?rest_route=\/wp\/v2\/pages"}],"about":[{"href":"https:\/\/geneamedoc.fr\/index.php?rest_route=\/wp\/v2\/types\/page"}],"author":[{"embeddable":true,"href":"https:\/\/geneamedoc.fr\/index.php?rest_route=\/wp\/v2\/users\/1"}],"replies":[{"embeddable":true,"href":"https:\/\/geneamedoc.fr\/index.php?rest_route=%2Fwp%2Fv2%2Fcomments&post=5"}],"version-history":[{"count":1,"href":"https:\/\/geneamedoc.fr\/index.php?rest_route=\/wp\/v2\/pages\/5\/revisions"}],"predecessor-version":[{"id":205,"href":"https:\/\/geneamedoc.fr\/index.php?rest_route=\/wp\/v2\/pages\/5\/revisions\/205"}],"wp:attachment":[{"href":"https:\/\/geneamedoc.fr\/index.php?rest_route=%2Fwp%2Fv2%2Fmedia&parent=5"}],"curies":[{"name":"wp","href":"https:\/\/api.w.org\/{rel}","templated":true}]}}