{"id":201,"date":"2015-03-27T15:16:17","date_gmt":"2015-03-27T15:16:17","guid":{"rendered":"http:\/\/geneamedoc.fr\/?page_id=201"},"modified":"2016-01-11T16:35:00","modified_gmt":"2016-01-11T16:35:00","slug":"les-revues-de-geneamedoc","status":"publish","type":"page","link":"https:\/\/geneamedoc.fr\/?page_id=201","title":{"rendered":"Les revues de G\u00e9n\u00e9am\u00e9doc"},"content":{"rendered":"<p><a href=\"http:\/\/geneamedoc.fr\/wp-content\/uploads\/2015\/03\/couv.jpg\"><img loading=\"lazy\" decoding=\"async\" class=\"aligncenter size-full wp-image-203\" src=\"http:\/\/geneamedoc.fr\/wp-content\/uploads\/2015\/03\/couv.jpg\" alt=\"1ere de couverture\" width=\"283\" height=\"354\" srcset=\"https:\/\/geneamedoc.fr\/wp-content\/uploads\/2015\/03\/couv.jpg 283w, https:\/\/geneamedoc.fr\/wp-content\/uploads\/2015\/03\/couv-240x300.jpg 240w\" sizes=\"auto, (max-width: 283px) 100vw, 283px\" \/><\/a>Cliquez sur les liens ci-dessous pour t\u00e9l\u00e9charger la ou les revues que vous souhaitez consulter.<\/p>\n<p>Bonne lecture !<\/p>\n<p><a href=\"http:\/\/geneamedoc.fr\/wp-content\/uploads\/2015\/11\/Revue-octobrel-2015-n\u00b044.pdf\" target=\"_blank\">Revue Octobre 2015 n44<\/a><\/p>\n<p><a href=\"http:\/\/geneamedoc.fr\/wp-content\/uploads\/2015\/03\/Revue-juillet-2015-n\u00b043.pdf\">Revue Juillet 2015 n43<\/a><\/p>\n<p><a href=\"http:\/\/geneamedoc.fr\/wp-content\/uploads\/2015\/03\/Revue-Avril-2015-n42.pdf\">Revue Avril 2015 n42<\/a><\/p>\n<p><a href=\"http:\/\/geneamedoc.fr\/wp-content\/uploads\/2015\/03\/Revue-janvier-2015-n41.pdf\" target=\"_blank\">Revue Janvier 2015 n41<\/a><\/p>\n<p><a href=\"http:\/\/geneamedoc.fr\/wp-content\/uploads\/2015\/03\/Revue-Octobre-2014-n\u00b040.pdf\" target=\"_blank\">Revue Octobre 2014 n40<\/a><\/p>\n<p><a href=\"http:\/\/geneamedoc.fr\/wp-content\/uploads\/2015\/03\/Revue-Juillet-2014-n\u00b0391.pdf\" target=\"_blank\">Revue Juillet 2014 n39<\/a><\/p>\n<p><a href=\"http:\/\/geneamedoc.fr\/wp-content\/uploads\/2015\/03\/Revue-avril-2014-n\u00b038.pdf\" target=\"_blank\">Revue Avril 2014 n38<\/a><\/p>\n<p><a href=\"http:\/\/geneamedoc.fr\/wp-content\/uploads\/2015\/03\/Revue-janvier-2014-n\u00b037.pdf\" target=\"_blank\">Revue Janvier 2014 n37<\/a><\/p>\n<p><a href=\"http:\/\/geneamedoc.fr\/wp-content\/uploads\/2015\/03\/Revue-octobre-2013-n\u00b036.pdf\" target=\"_blank\">Revue Octobre 2013 n36<\/a><\/p>\n<p><a href=\"http:\/\/geneamedoc.fr\/wp-content\/uploads\/2015\/03\/Revue-juillet-2013-n\u00b035.pdf\" target=\"_blank\">Revue Juillet 2013 n35<\/a><\/p>\n<p><a href=\"http:\/\/geneamedoc.fr\/wp-content\/uploads\/2015\/03\/Revue-Avril-2013-n\u00b034.pdf\" target=\"_blank\">Revue Avril 2013 n34<\/a><\/p>\n<p><a href=\"http:\/\/geneamedoc.fr\/wp-content\/uploads\/2015\/03\/Revue-Janvierl-2013-n\u00b033.pdf\" target=\"_blank\">Revue Janvier 2013 n33<\/a><\/p>\n<p><a href=\"http:\/\/geneamedoc.fr\/wp-content\/uploads\/2015\/03\/Revue-octobre-2012-n\u00b032.pdf\" target=\"_blank\">Revue Octobre 2012 N32<\/a><\/p>\n<p><a href=\"http:\/\/geneamedoc.fr\/wp-content\/uploads\/2015\/03\/Revue-Juillet-2012-n\u00b031.pdf\" target=\"_blank\">Revue Juillet 2012 n31<\/a><\/p>\n<p><a href=\"http:\/\/geneamedoc.fr\/wp-content\/uploads\/2015\/03\/Revue-avril-2012-n\u00b030.pdf\" target=\"_blank\">Revue Avril 2012 n30<\/a><\/p>\n<p><a href=\"http:\/\/geneamedoc.fr\/wp-content\/uploads\/2015\/03\/Revue-Janvier-2012-n\u00b029.pdf\" target=\"_blank\">revue janvier 2012 n29<\/a><\/p>\n<p><a href=\"http:\/\/geneamedoc.fr\/wp-content\/uploads\/2015\/03\/revue-n-28-octobre-2011.pdf\" target=\"_blank\">Revue octobre 2011 n28<\/a><\/p>\n<p><a href=\"http:\/\/geneamedoc.fr\/wp-content\/uploads\/2015\/03\/revue-juillet-2011-n\u00b027.pdf\" target=\"_blank\">revue juillet 2011 n27<\/a><\/p>\n<p><a href=\"http:\/\/geneamedoc.fr\/wp-content\/uploads\/2015\/03\/revue-n\u00b0-26-avril-2011.pdf\" target=\"_blank\">Revue Avril 2011 n26<\/a><\/p>\n<p><a href=\"http:\/\/geneamedoc.fr\/wp-content\/uploads\/2015\/03\/Revue-janvier-2011-n\u00b0-25.pdf\" target=\"_blank\">Revue Janvier 2011 n25<\/a><\/p>\n<p>&nbsp;<\/p>\n<p>&nbsp;<\/p>\n<p>&nbsp;<\/p>\n","protected":false},"excerpt":{"rendered":"<p>Cliquez sur les liens ci-dessous pour t\u00e9l\u00e9charger la ou les revues que vous souhaitez consulter. Bonne lecture ! Revue Octobre 2015 n44 Revue Juillet 2015 n43 Revue Avril 2015 n42 Revue Janvier 2015 n41 Revue Octobre 2014 n40 Revue Juillet &hellip; <a href=\"https:\/\/geneamedoc.fr\/?page_id=201\">Continuer la lecture <span class=\"meta-nav\">&rarr;<\/span><\/a><\/p>\n","protected":false},"author":1,"featured_media":0,"parent":0,"menu_order":0,"comment_status":"open","ping_status":"open","template":"","meta":{"footnotes":""},"class_list":["post-201","page","type-page","status-publish","hentry"],"_links":{"self":[{"href":"https:\/\/geneamedoc.fr\/index.php?rest_route=\/wp\/v2\/pages\/201","targetHints":{"allow":["GET"]}}],"collection":[{"href":"https:\/\/geneamedoc.fr\/index.php?rest_route=\/wp\/v2\/pages"}],"about":[{"href":"https:\/\/geneamedoc.fr\/index.php?rest_route=\/wp\/v2\/types\/page"}],"author":[{"embeddable":true,"href":"https:\/\/geneamedoc.fr\/index.php?rest_route=\/wp\/v2\/users\/1"}],"replies":[{"embeddable":true,"href":"https:\/\/geneamedoc.fr\/index.php?rest_route=%2Fwp%2Fv2%2Fcomments&post=201"}],"version-history":[{"count":25,"href":"https:\/\/geneamedoc.fr\/index.php?rest_route=\/wp\/v2\/pages\/201\/revisions"}],"predecessor-version":[{"id":346,"href":"https:\/\/geneamedoc.fr\/index.php?rest_route=\/wp\/v2\/pages\/201\/revisions\/346"}],"wp:attachment":[{"href":"https:\/\/geneamedoc.fr\/index.php?rest_route=%2Fwp%2Fv2%2Fmedia&parent=201"}],"curies":[{"name":"wp","href":"https:\/\/api.w.org\/{rel}","templated":true}]}}